{"id":38,"date":"2015-10-13T15:48:52","date_gmt":"2015-10-13T13:48:52","guid":{"rendered":"http:\/\/wykrywanie.podsluch.pl\/wordpress\/?page_id=38"},"modified":"2021-07-22T08:16:10","modified_gmt":"2021-07-22T06:16:10","slug":"wykrywanie-podsluchu","status":"publish","type":"page","link":"https:\/\/wykrywanie.podsluch.pl\/wordpress\/?page_id=38","title":{"rendered":"Kontakt."},"content":{"rendered":"\t\t<div data-elementor-type=\"wp-page\" data-elementor-id=\"38\" class=\"elementor elementor-38\">\n\t\t\t\t\t\t<div class=\"elementor-inner\">\n\t\t\t\t<div class=\"elementor-section-wrap\">\n\t\t\t\t\t\t\t\t\t<section class=\"elementor-section elementor-top-section elementor-element elementor-element-5f57311e elementor-section-boxed elementor-section-height-default elementor-section-height-default\" data-id=\"5f57311e\" data-element_type=\"section\">\n\t\t\t\t\t\t<div class=\"elementor-container elementor-column-gap-default\">\n\t\t\t\t\t\t\t<div class=\"elementor-row\">\n\t\t\t\t\t<div class=\"elementor-column elementor-col-100 elementor-top-column elementor-element elementor-element-91025d7\" data-id=\"91025d7\" data-element_type=\"column\">\n\t\t\t<div class=\"elementor-column-wrap elementor-element-populated\">\n\t\t\t\t\t\t\t<div class=\"elementor-widget-wrap\">\n\t\t\t\t\t\t<div class=\"elementor-element elementor-element-32eeaa9b elementor-widget elementor-widget-text-editor\" data-id=\"32eeaa9b\" data-element_type=\"widget\" data-widget_type=\"text-editor.default\">\n\t\t\t\t<div class=\"elementor-widget-container\">\n\t\t\t\t\t\t\t\t<div class=\"elementor-text-editor elementor-clearfix\">\n\t\t\t\t<h2 style=\"text-align: center;\"><span style=\"vertical-align: inherit;\"><span style=\"vertical-align: inherit;\"><span style=\"vertical-align: inherit;\"><span style=\"vertical-align: inherit;\"><span style=\"vertical-align: inherit;\"><span style=\"vertical-align: inherit;\">Wykrywanie pods\u0142uchu w telefonach.<\/span><\/span><\/span><\/span><\/span><\/span><\/h2><p><a href=\"https:\/\/www.euro-soft.pl\/joomla\/\" target=\"_blank\" rel=\"noopener\"><img loading=\"lazy\" class=\"aligncenter wp-image-154 size-full\" src=\"https:\/\/wykrywanie.podsluch.pl\/wordpress\/wp-content\/uploads\/2014\/12\/logo-euro.jpg\" alt=\"wykrywanie pods\u0142uchu\" width=\"163\" height=\"91\" title=\"\"><\/a><\/p><p style=\"text-align: center;\"><span style=\"vertical-align: inherit;\"><span style=\"vertical-align: inherit;\"><span style=\"vertical-align: inherit;\"><span style=\"vertical-align: inherit;\"><span style=\"vertical-align: inherit;\"><span style=\"vertical-align: inherit;\">01-466 Warszawa ul. Powsta\u0144c\u00f3w \u015al\u0105skich 124 p.5<\/span><\/span><\/span><\/span><\/span><\/span><br \/><span style=\"vertical-align: inherit;\"><span style=\"vertical-align: inherit;\"><span style=\"vertical-align: inherit;\"><span style=\"vertical-align: inherit;\"><span style=\"vertical-align: inherit;\"><span style=\"vertical-align: inherit;\">tel. kom. 501-159-903, 502-161-904,<\/span><\/span><\/span><\/span><\/span><\/span><br \/><span style=\"vertical-align: inherit;\"><span style=\"vertical-align: inherit;\"><span style=\"vertical-align: inherit;\"><span style=\"vertical-align: inherit;\"><span style=\"vertical-align: inherit;\"><span style=\"vertical-align: inherit;\">e-mail: eurosoft@euro-soft.pl<\/span><\/span><\/span><\/span><\/span><\/span><br \/><span style=\"vertical-align: inherit;\"><span style=\"vertical-align: inherit;\"><span style=\"vertical-align: inherit;\"><span style=\"vertical-align: inherit;\"><span style=\"vertical-align: inherit;\"><span style=\"vertical-align: inherit;\">Godziny otwarcia pon.-pt. 11.00-17.00<\/span><\/span><\/span><\/span><\/span><\/span><\/p><p><span style=\"vertical-align: inherit;\"><span style=\"vertical-align: inherit;\">Zajmujemy si\u0119 wykrywaniem pods\u0142uch\u00f3w w pomieszczeniach, telefonach oraz w pojazdach mechanicznych. Dysponujemy najnowszym specjalistycznym sprz\u0119tem umo\u017cliwiaj\u0105cym realizowanie zaawansowanych procedur wykrywania. Czynno\u015bci zwi\u0105zane z wykrywaniem zagro\u017ce\u0144 wykonuje osoba o statusie bieg\u0142ego s\u0105dowego w zakresie kryminalistyki o specjalno\u015bci pods\u0142uch, wykrywanie. Oferujemy tak\u017ce szerok\u0105 gamm\u0119 sprz\u0119tu do dzia\u0142a\u0144 detektywistycznych.\u00a0<\/span><\/span><\/p><p><span style=\"vertical-align: inherit;\"><span style=\"vertical-align: inherit;\">S\u0105 to rejestratory fonii , lokalizatory GPS, transmitery GSM. Wykonujemy ekspertyzy sprz\u0119tu na zlecenia policji, prokuratur oraz innych instytucji takich jak s\u0105dy czy stra\u0107 graniczna. Do grona naszych klient\u00f3w nale\u017c\u0105 tak\u017ce osoby prywatne oraz firmy.\u00a0<\/span><\/span><\/p><p><span style=\"vertical-align: inherit;\"><span style=\"vertical-align: inherit;\">Wykonujemy tak\u017ce szczeg\u00f3\u0142owe ekspertyzy telefon\u00f3w kom\u00f3rkowych. Odczytowi podlegaj\u0105 wszystkie informacje istniej\u0105ce w telefonie a tak\u017ce informacje skasowane poprzez procedure &#8222;usu\u0144&#8221;. Odczyt wykonywany jest przez bieg\u0142ego s\u0105dowego co pozwala na wystawienie opinii bieg\u0142ego kt\u00f3ra umo\u017cliwia przedstawienie wynik\u00f3w odczytu w postepowaniu s\u0105dowym.<\/span><\/span><\/p><p style=\"text-align: center;\"><a href=\"https:\/\/wykrywanie.podsluch.pl\/wordpress\/\"><span style=\"vertical-align: inherit;\"><span style=\"vertical-align: inherit;\"><span style=\"vertical-align: inherit;\"><span style=\"vertical-align: inherit;\">Wykrywanie pods\u0142uchu<\/span><\/span><\/span><\/span><\/a><\/p><p style=\"text-align: center;\">\u00a0<\/p>\t\t\t\t\t<\/div>\n\t\t\t\t\t\t<\/div>\n\t\t\t\t<\/div>\n\t\t\t\t\t\t<\/div>\n\t\t\t\t\t<\/div>\n\t\t<\/div>\n\t\t\t\t\t\t\t\t<\/div>\n\t\t\t\t\t<\/div>\n\t\t<\/section>\n\t\t\t\t\t\t\t\t\t<\/div>\n\t\t\t<\/div>\n\t\t\t\t\t<\/div>\n\t\t","protected":false},"excerpt":{"rendered":"<p>Wykrywanie pods\u0142uchu w telefonach. 01-466 Warszawa ul. Powsta\u0144c\u00f3w \u015al\u0105skich 124 p.5 tel. kom. 501-159-903, 502-161-904, e-mail: eurosoft@euro-soft.pl Godziny otwarcia pon.-pt. 11.00-17.00 Zajmujemy si\u0119 wykrywaniem pods\u0142uch\u00f3w<\/p>\n","protected":false},"author":2,"featured_media":889,"parent":0,"menu_order":0,"comment_status":"closed","ping_status":"open","template":"","meta":[],"_links":{"self":[{"href":"https:\/\/wykrywanie.podsluch.pl\/wordpress\/index.php?rest_route=\/wp\/v2\/pages\/38"}],"collection":[{"href":"https:\/\/wykrywanie.podsluch.pl\/wordpress\/index.php?rest_route=\/wp\/v2\/pages"}],"about":[{"href":"https:\/\/wykrywanie.podsluch.pl\/wordpress\/index.php?rest_route=\/wp\/v2\/types\/page"}],"author":[{"embeddable":true,"href":"https:\/\/wykrywanie.podsluch.pl\/wordpress\/index.php?rest_route=\/wp\/v2\/users\/2"}],"replies":[{"embeddable":true,"href":"https:\/\/wykrywanie.podsluch.pl\/wordpress\/index.php?rest_route=%2Fwp%2Fv2%2Fcomments&post=38"}],"version-history":[{"count":53,"href":"https:\/\/wykrywanie.podsluch.pl\/wordpress\/index.php?rest_route=\/wp\/v2\/pages\/38\/revisions"}],"predecessor-version":[{"id":970,"href":"https:\/\/wykrywanie.podsluch.pl\/wordpress\/index.php?rest_route=\/wp\/v2\/pages\/38\/revisions\/970"}],"wp:featuredmedia":[{"embeddable":true,"href":"https:\/\/wykrywanie.podsluch.pl\/wordpress\/index.php?rest_route=\/wp\/v2\/media\/889"}],"wp:attachment":[{"href":"https:\/\/wykrywanie.podsluch.pl\/wordpress\/index.php?rest_route=%2Fwp%2Fv2%2Fmedia&parent=38"}],"curies":[{"name":"wp","href":"https:\/\/api.w.org\/{rel}","templated":true}]}}