{"id":572,"date":"2019-11-22T11:51:36","date_gmt":"2019-11-22T10:51:36","guid":{"rendered":"http:\/\/wykrywanie.podsluch.pl\/wordpress\/?page_id=572"},"modified":"2021-09-09T14:41:27","modified_gmt":"2021-09-09T12:41:27","slug":"wykrywanie-podsluchu-w-telefonach","status":"publish","type":"page","link":"https:\/\/wykrywanie.podsluch.pl\/wordpress\/","title":{"rendered":"Wykrywanie pods\u0142uchu."},"content":{"rendered":"\t\t<div data-elementor-type=\"wp-page\" data-elementor-id=\"572\" class=\"elementor elementor-572\">\n\t\t\t\t\t\t<div class=\"elementor-inner\">\n\t\t\t\t<div class=\"elementor-section-wrap\">\n\t\t\t\t\t\t\t\t\t<section class=\"elementor-section elementor-top-section elementor-element elementor-element-3b063655 elementor-section-boxed elementor-section-height-default elementor-section-height-default\" data-id=\"3b063655\" data-element_type=\"section\">\n\t\t\t\t\t\t<div class=\"elementor-container elementor-column-gap-default\">\n\t\t\t\t\t\t\t<div class=\"elementor-row\">\n\t\t\t\t\t<div class=\"elementor-column elementor-col-100 elementor-top-column elementor-element elementor-element-70609a7b\" data-id=\"70609a7b\" data-element_type=\"column\">\n\t\t\t<div class=\"elementor-column-wrap elementor-element-populated\">\n\t\t\t\t\t\t\t<div class=\"elementor-widget-wrap\">\n\t\t\t\t\t\t<div class=\"elementor-element elementor-element-725fdb0c elementor-widget elementor-widget-text-editor\" data-id=\"725fdb0c\" data-element_type=\"widget\" data-widget_type=\"text-editor.default\">\n\t\t\t\t<div class=\"elementor-widget-container\">\n\t\t\t\t\t\t\t\t<div class=\"elementor-text-editor elementor-clearfix\">\n\t\t\t\t<h2 style=\"text-align: left;\">\u00a0<\/h2><h2 style=\"text-align: center;\">\u00a0<\/h2><h2 style=\"text-align: center;\">\u00a0<\/h2><h2 style=\"text-align: center;\">\u00a0<\/h2><h2 style=\"text-align: center;\">\u00a0Wykrywanie pods\u0142uchu<\/h2><div>\u00a0<\/div><h2 style=\"text-align: center;\"><iframe loading=\"lazy\" style=\"border: 0;\" tabindex=\"0\" src=\"https:\/\/www.google.com\/maps\/embed?pb=!4v1584540831033!6m8!1m7!1sCAoSLEFGMVFpcE8wSmlVYWRqTUFTemJPZzFZTjdHUHJQeTlaUnhyazAyWmwyNTB3!2m2!1d52.26276319999999!2d20.92813109999997!3f332.9859497132024!4f-26.571585465901983!5f0.4000000000000002\" width=\"600\" height=\"450\" frameborder=\"0\" allowfullscreen=\"allowfullscreen\" aria-hidden=\"false\"><\/iframe><\/h2><h2><a href=\"https:\/\/wykrywanie.podsluch.pl\/wordpress\/wp-content\/uploads\/2021\/07\/oscor-green-1.jpg\"><img loading=\"lazy\" class=\"alignleft wp-image-889 size-full\" title=\"Oscor Green\" src=\"https:\/\/wykrywanie.podsluch.pl\/wordpress\/wp-content\/uploads\/2021\/07\/oscor-green-1.jpg\" alt=\"wykrywanie pods\u0142uchu Oscor Green\" width=\"388\" height=\"300\" srcset=\"https:\/\/wykrywanie.podsluch.pl\/wordpress\/wp-content\/uploads\/2021\/07\/oscor-green-1.jpg 388w, https:\/\/wykrywanie.podsluch.pl\/wordpress\/wp-content\/uploads\/2021\/07\/oscor-green-1-300x232.jpg 300w\" sizes=\"(max-width: 388px) 100vw, 388px\" \/><\/a>Wykrywanie pods\u0142uchu w pomieszczeniach.<\/h2><p>Wykrywanie pods\u0142uchu w pomieszczeniach wykonujemy zgodnie z procedurami opracowanymi w REI USA. Zapewniaj\u0105 one osi\u0105ganie bardzo wysokiej skuteczno\u015bci w trakcie wykrywania. Tak\u017ce u\u017cywany sprz\u0119t gwarantuje stu procentow\u0105 skuteczno\u015b\u0107. Czynno\u015bci zwi\u0105zane z wykrywaniem wykonywane s\u0105 przez wieloletniego bieg\u0142ego s\u0105dowego w zakresie kryminalistyki o specjalno\u015bci wykrywanie pods\u0142uchu. Na \u017cyczenia zleceniodawcy po wykonaniu pomiar\u00f3w mo\u017ce by\u0107 wystawiona tak zwana prywatna opinia bieg\u0142ego s\u0105dowego. Opinia ta mo\u017ce by\u0107 przedstawiona na wokandzie s\u0105dowi zgodnie z\u00a0 nowelizacj\u0105 art. 393 \u00a7 3 k.p.k. pozwala na dopuszczenie dowodu z prywatnej opinii bieg\u0142ego.<\/p><p>\u00a0<\/p><p>\u00a0<\/p><p>\u00a0<\/p><p>\u00a0<\/p><p style=\"text-align: center;\"><img loading=\"lazy\" class=\"alignleft\" title=\"Korelator akustyczny Osor 5000 E\" src=\"https:\/\/wykrywanie.podsluch.pl\/wordpress\/wp-content\/uploads\/2021\/07\/oscor-5000-Ee.jpg\" alt=\"wykrywanie pods\u0142uchu oscor 5000E\" width=\"402\" height=\"422\" \/><\/p><p><span style=\"color: #333333; font-family: Roboto, sans-serif; font-size: 30px; font-weight: bold;\">Wykrywacz pods\u0142uchu Oscor 5000.<\/span><\/p><div>Do wykrywania pods\u0142uchu wykorzystujemy tak\u017ce starsza wersie Oskora. Wykrywacz ten pracuje w trybie automatycznego skanowania przestrzeni z okre\u015blonymi zadanymi parametrami, takimi jak krok skanowania i poziom zagro\u017cenia w skali od 1 do 5. Wykrywacz ten pracuje w modzie korelacji akustycznej. Oznacza to \u017ce w przypadku przechwyceni sygna\u0142u na niebezpiecznym poziomie zagro\u017cenia uruchamiany jest generator akustyczny. Wytworzony w tym momencie sygna\u0142 d\u017awi\u0119kowy pozwala stwierdzi\u0107 czy zbocze no\u015bnej wykrytego pods\u0142uchu jest modulowane czy nie. Procedura ta eliminuje nadajniki pods\u0142uchowe pracuj\u0105ce w innej przestrzeni akustycznej czyli np. w s\u0105siednim pomieszczeniu.<\/div><h2 style=\"text-align: center;\">Wykrywanie pods\u0142uchu &#8211; Spectran 5.<\/h2><p style=\"text-align: center;\"><a href=\"https:\/\/wykrywanie.podsluch.pl\/wordpress\/wp-content\/uploads\/2021\/07\/aronia5.jpg\"><img loading=\"lazy\" class=\"alignleft wp-image-883\" title=\"Wykrywacz pods\u0142uchu Aronia 5\" src=\"https:\/\/wykrywanie.podsluch.pl\/wordpress\/wp-content\/uploads\/2021\/07\/aronia5.jpg\" alt=\"wykrywanie pods\u0142uchu Aronia 5\" width=\"388\" height=\"287\" srcset=\"https:\/\/wykrywanie.podsluch.pl\/wordpress\/wp-content\/uploads\/2021\/07\/aronia5.jpg 537w, https:\/\/wykrywanie.podsluch.pl\/wordpress\/wp-content\/uploads\/2021\/07\/aronia5-300x222.jpg 300w\" sizes=\"(max-width: 388px) 100vw, 388px\" \/><\/a><\/p><p>Spektran 5 z kierunkow\u0105\u00a0 aktywn\u0105 anten\u0105 typy HyperLOG 30100 jest\u00a0 wykorzystywany w ko\u0144cowej fazie procesu wykrywania. Wykrywacz ten pozwala na szybkie i precyzyjne dotarcie do \u017ar\u00f3d\u0142a promieniowania elektromagnetycznego. Umo\u017cliwia to wska\u017anik laserowy zamontowany na antenie HyperLOG 30100. Spectran 5 charakteryzuje si\u0119 bardzo du\u017c\u0105 szybko\u015bci\u0105 skanowania, znacznie przewy\u017cszaj\u0105ca w tym obszarze analizator widma Oscor Green.<\/p><div>\u00a0<\/div><h4 style=\"text-align: center;\"><span style=\"color: #999999;\"><a style=\"color: #999999;\" href=\"https:\/\/www.euro-soft.pl\/joomla\/\" target=\"_blank\" rel=\"noopener\">Dodatkowe informacje mo\u017cna uzyska\u0107 na stronie Euro-Soft<\/a><\/span><\/h4><h2 style=\"text-align: center;\"><span style=\"color: #000000;\">Wykrywanie pods\u0142uchu w telefonach.<\/span><\/h2><div>\u00a0<\/div><p style=\"text-align: center;\"><iframe loading=\"lazy\" src=\"https:\/\/www.youtube.com\/embed\/UEkNlhxAwhc\" width=\"700\" height=\"400\" frameborder=\"0\" allowfullscreen=\"allowfullscreen\"><span data-mce-type=\"bookmark\" style=\"display: inline-block; width: 0px; overflow: hidden; line-height: 0;\" class=\"mce_SELRES_start\">\ufeff<\/span><span data-mce-type=\"bookmark\" style=\"display: inline-block; width: 0px; overflow: hidden; line-height: 0;\" class=\"mce_SELRES_start\">\ufeff<\/span><span data-mce-type=\"bookmark\" style=\"display: inline-block; width: 0px; overflow: hidden; line-height: 0;\" class=\"mce_SELRES_start\">\ufeff<\/span><\/iframe><\/p><p style=\"text-align: justify;\"><strong><span style=\"vertical-align: inherit;\"><span style=\"vertical-align: inherit;\">Telefony kom\u00f3rkowe s\u0105 pods\u0142uchiwane <\/span><\/span><\/strong><span style=\"vertical-align: inherit;\"><span style=\"vertical-align: inherit;\">przez instytucje pa\u0144stwowe jak r\u00f3wnie\u017c przez osoby prywatne. Pa\u0144stwo dysponuje bardzo zaawansowanymi technikami prowadzenie pods\u0142uchu. Pods\u0142uch na tym poziomie pozwala na nieograniczon\u0105 inwigilacje ka\u017cdego i w ka\u017cdej sytuacji. Oczywi\u015bcie istniej\u0105 metody zabezpieczania si\u0119 przed totaln\u0105 inwigilacj\u0105 telefoniczn\u0105. Do cz\u0119sto stosowanych metod nale\u017c\u0105 pokrowce zag\u0142uszaj\u0105ce \u0142\u0105czno\u015b\u0107 pomi\u0119dzy telefonem a przeka\u017anikami BTS. Nale\u017cy pami\u0119ta\u0107 o tym \u017ce w trakcie prowadzenie poufnych rozm\u00f3w ich uczestnicy nie mog\u0105 mie\u0107 przy sobie telefon\u00f3w. Cz\u0119sto stosowana jest metoda na nie\u015bwiadomego nosiciela pods\u0142uchu. Osoba taka posiada zainfekowany telefon tylko dlatego \u017ce bierze udzia\u0142 w wa\u017cnych spotkaniach lub naradach. Nale\u017cy pami\u0119ta\u0107 \u017ce \u017ar\u00f3d\u0142em informacji o w\u0142a\u015bcicielu telefonu s\u0105 tak\u017ce aplikacje pracuj\u0105ce w tle, takie jak np. Janosik, Maps Google itp.<\/span><\/span><\/p><h2 style=\"text-align: center;\"><span style=\"vertical-align: inherit;\"><span style=\"vertical-align: inherit;\">Pods\u0142uchiwanie telefonu przez osoby prywatne.<\/span><\/span><\/h2><p style=\"text-align: justify;\"><span style=\"vertical-align: inherit;\"><span style=\"vertical-align: inherit;\">Pods\u0142uch telefonu przez osoby prywatne odbywa si\u0119 g\u0142\u00f3wnie w dw\u00f3ch obszarach. Pierwszy i dominuj\u0105cy to obszar relacji damsko m\u0119skich. Obszar ten przepojony jest negatywnymi emocjami. Drugi obszar to nadz\u00f3r rodzicielski. Rodzice pods\u0142uchuj\u0105 w\u0142asne dzieci i czyni\u0105 to jak sami twierdz\u0105 dla ich dobra. Skuteczno\u015b\u0107 takiego pods\u0142uchu jest odwrotnie proporcjonalna do wieku osoby pods\u0142uchiwanej. Im dziecko jest starsze tym trudniej wp\u0142ywa\u0107 na wyb\u00f3r \u015brodowiska lub zainteresowa\u0144.\u00a0 W wieku dziecka 11-13\u00a0 lat przy pomocy pods\u0142uch telefonu\u00a0 rodzice pozyskuj\u0105 informacje\u00a0 pozwalaj\u0105ce na kszta\u0142towanie zainteresowa\u0107 czy na wyb\u00f3r znajomych.<\/span><\/span><\/p><h2 style=\"text-align: center;\"><span style=\"color: #000000;\"><a style=\"color: #000000;\" href=\"https:\/\/www.euro-soft.pl\/joomla\/index.php\/8-oferty\/71-wykrywanie-podsluchu-w-telefonie\" target=\"_blank\" rel=\"noopener\"><span style=\"vertical-align: inherit;\"><span style=\"vertical-align: inherit;\">Wykrywanie pods\u0142uchu w telefonach.<\/span><\/span><\/a><\/span><\/h2><p><a href=\"https:\/\/odczyt-skasowanych-sms.euro-soft.pl\/\" target=\"_blank\" rel=\"noopener\"><img loading=\"lazy\" class=\"alignleft\" title=\"wykrywacz pods\u0142uchu w telefonach kom\u00f3rkowych UFED 4PC\" src=\"https:\/\/wykrywanie.podsluch.pl\/wordpress\/wp-content\/uploads\/2020\/03\/UFED-4PC-258x300.jpg\" alt=\"UFED 4 PC do wykrywania pods\u0142uchu w talefonach\" width=\"258\" height=\"300\" \/><\/a><\/p><p style=\"text-align: justify;\"><span style=\"vertical-align: inherit;\"><span style=\"vertical-align: inherit;\">Czynno\u015bci zwi\u0105zane z wykrywaniem pods\u0142uchu w telefonach wykonujemy na sprz\u0119cie o nazwie UFED 4PC. System ten zosta\u0142 stworzony przez izraelsk\u0105 firm\u0119 Cellebrite Tel Awiw. Nale\u017cy nadmieni\u0107 firma Cellebrite jest wsp\u00f3\u0142tw\u00f3rc\u0105\u00a0 s\u0142ynnej platformy do totalnej inwigilacji o nazwie PEGAZUS.\u00a0 Posiadamy aktualizowan\u0105 na bie\u017c\u0105co \u00a0baz\u0105 danych\u00a0 aplikacji szpiegowskich firmy Cellebrite Tel Awiw. Aktualnie pracujemy na poprogramowaniach : UFED 4PC\u00a0 7.3.01 Physical Analyzer 7.3.01.<\/span><\/span><\/p><p style=\"text-align: center;\"><a href=\"https:\/\/wykrywanie.podsluch.pl\/wordpress\/wp-content\/uploads\/2020\/03\/aktualizacja-bazy-danych.jpg\"><img loading=\"lazy\" class=\"alignnone\" title=\"aktualizacja aplikacji pods\u0142uchowych pobierana z Cellebrite TelAviv\" src=\"https:\/\/wykrywanie.podsluch.pl\/wordpress\/wp-content\/uploads\/2020\/03\/aktualizacja-bazy-danych-300x168.jpg\" alt=\"aktualizacja aplikacji pods\u0142uchowych\" width=\"263\" height=\"147\" \/><\/a><\/p><p>Przed przyst\u0105pieniem do wykrywania pods\u0142uchu w telefonach wykonujemy\u00a0 aktualizacj\u0119 bazy danych w oparciu o kt\u00f3ra nast\u0105pi weryfikacja aplikacji odczytanych z badanego telefonu.<\/p><p><a href=\"https:\/\/wykrywanie.podsluch.pl\/wordpress\/wp-content\/uploads\/2020\/03\/wynik-skanowania-telefonu.jpg\"><img loading=\"lazy\" class=\"alignleft\" title=\"Wykaz wykrytych aplikacji pods\u0142uchowych w telefonie\" src=\"https:\/\/wykrywanie.podsluch.pl\/wordpress\/wp-content\/uploads\/2020\/03\/wynik-skanowania-telefonu-300x250.jpg\" alt=\"wwynik wykrywania pods\u0142uchu w telefonach.\" width=\"264\" height=\"220\" \/><\/a><\/p><p>Efektem skanowania telefonu w poszukiwaniu aplikacji pods\u0142uchowych jest informacja o ilo\u015bci znalezionych aplikacji pods\u0142uchu oraz o ich nazwach.<\/p><p><a href=\"https:\/\/wykrywanie.podsluch.pl\/wordpress\/wp-content\/uploads\/2020\/03\/przyk\u0142ad-wykrytych-aplikacji-pods\u0142uchowych.jpg\"><img loading=\"lazy\" class=\"alignnone\" title=\"parametry wykrytych aplikacji pods\u0142uchowych\" src=\"https:\/\/wykrywanie.podsluch.pl\/wordpress\/wp-content\/uploads\/2020\/03\/przyk\u0142ad-wykrytych-aplikacji-pods\u0142uchowych.jpg\" alt=\"wykrywanie pods\u0142uchu w telefonach tabela\" width=\"800\" height=\"169\" \/><\/a><\/p><p>Badane telefony sprawdzamy poprzez\u00a0 analiz\u0119 struktury aplikacji w nim istniej\u0105cych. Czynno\u015bci te wykonujemy r\u00f3wnolegle z\u00a0 wykrywaniem pods\u0142uch opisanym powy\u017cej. Ponadto wi\u0119cej szczeg\u00f3\u0142\u00f3w o wykrywaniu pods\u0142uchu w telefonach mo\u017cna uzyska\u0107 na<a href=\"https:\/\/odczyt-skasowanych-sms.euro-soft.pl\/\" target=\"_blank\" rel=\"noopener\"> stronie<\/a>.<\/p><h2 style=\"text-align: center;\"><a href=\"https:\/\/wykrywanie.podsluchy.pl\/wordpress\/\" rel=\"dofollow noopener\" target=\"_blank\">Wykrywanie pods\u0142uchu w samochodzie<\/a><\/h2><div><strong style=\"font-family: Roboto, sans-serif; font-size: 15px; font-style: normal;\">Wykrywanie pods\u0142uchu w samochodzie<\/strong><span style=\"font-family: Roboto, sans-serif; font-size: 15px; font-style: normal; font-weight: 400;\">\u00a0mo\u017ce odbywa\u0107 si\u0119 poprzez zastosowanie pods\u0142uchu GSM lub poprzez zainfekowane telefony os\u00f3b b\u0119d\u0105cych aktualnie w samochodzie. Nale\u017cy tak\u017ce pami\u0119ta\u0107 o mo\u017cliwo\u015bci u\u017cycia rejestrator\u00f3w fonii czyli dyktafon\u00f3w.<\/span><\/div><h2 style=\"text-align: center;\">Sprz\u0119t do wykrywania pods\u0142uchu.<\/h2><p style=\"text-align: center;\"><a href=\"https:\/\/wykrywanie.podsluch.pl\/wordpress\/wp-content\/uploads\/2020\/10\/sprzet-do-wykrywania-podsluchu.jpg\"><img loading=\"lazy\" class=\"alignleft\" title=\"Nasze mo\u017cliwo\u015bci techniczne przy wykrywaniu pods\u0142uchu\" src=\"https:\/\/wykrywanie.podsluch.pl\/wordpress\/wp-content\/uploads\/2020\/10\/sprzet-do-wykrywania-podsluchu.jpg\" alt=\"sprzet wykrywanie pods\u0142uchu w pomieszczeniach\" width=\"600\" height=\"190\" \/><\/a><\/p><p>Podstawowym urz\u0105dzeniem u\u017cywanym w Euro-Soft jest zaawansowany analizator widma elektromagnetycznego znany pod nazwa Oscor Green. Umo\u017cliwia on wykonywanie zaawansowanych procedury pomiarowych.\u00a0 Podstawowym algorytmem jest analiza t\u0142a elektromagnetycznego. Wykrywanie pods\u0142uchu zgodnie z t\u0105 procedura polega na wykonaniu odczytu w ka\u017cdym sprawdzanym pomieszczeniu. Skanowaniu podlega tak\u017ce neutralna przestrze\u0144 b\u0119d\u0105ca punktem odniesienia dla p\u00f3\u017aniejszej analizy.\u00a0 Nast\u0119pnie wszystkie wyniki zebrane w trakcie wykrywania pods\u0142uchu wy\u015bwietlane s\u0105 jednocze\u015bnie na ekranie Oskora. Dok\u0142adna analiza tego materia\u0142u pozwala na potwierdzenie lub zaprzeczenia istnienia w badanych przestrzeniach nieautoryzowanego \u017ar\u00f3d\u0142a promieniowania elektromagnetycznego czyli pods\u0142uchu.<\/p><h2 style=\"text-align: center;\"><a href=\"https:\/\/www.podsluch.pl\/\" rel=\"dofollow noopener\" data-wplink-edit=\"true\" target=\"_blank\">Urz\u0105dzenie do pods\u0142uchu w samochodzie<\/a><\/h2><p style=\"text-align: center;\"><a href=\"https:\/\/wykrywanie.podsluch.pl\/wordpress\/wp-content\/uploads\/2020\/10\/podsluch-GSM.jpg\"><img loading=\"lazy\" class=\"alignleft\" title=\"Popularny pods\u0142uch GSM\" src=\"https:\/\/wykrywanie.podsluch.pl\/wordpress\/wp-content\/uploads\/2020\/10\/podsluch-GSM.jpg\" alt=\"wykrywanie pods\u0142uchu w samochodzie\" width=\"193\" height=\"200\" \/><\/a><\/p><p>Pods\u0142uch GSM pozwala na prowadzenie kontroli rozm\u00f3w w kabinie samochodu. Po zamontowaniu w nim karty SIM mo\u017cemy po\u0142\u0105czy\u0107 si\u0119 z nim dowolnym telefonem kom\u00f3rkowym. Rozwi\u0105zanie to charakteryzuje si\u0119 nieograniczonym zasi\u0119giem. Pods\u0142uchy tego typu mog\u0105 by\u0107 aktywowane g\u0142osem\u00a0 rozm\u00f3wc\u00f3w w kabinie samochodu. Oznacza to \u017ce ten pods\u0142uch zadzwoni do nas w momencie rozpocz\u0119cia rozmowy.\u00a0 Funkcja ta ustawiana jest poprzez wys\u0142anie na numer zainstalowanej karty SIM\u00a0 wiadomo\u015bci SMS o tre\u015bci &#8222;1111&#8221;. Ponowne wy\u0142\u0105czenie tej opcji nast\u0105pi po wys\u0142aniu wiadomo\u015bci SMS o tre\u015bci &#8222;0000&#8221;. Na rynku wyst\u0119puj\u0105 r\u00f3\u017cne warianty tego typu pods\u0142uchu. R\u00f3\u017cni\u0105 si\u0119 one pojemno\u015bci\u0105 \u017ar\u00f3d\u0142a zasilania a co za tym idzie gabarytami.<\/p><p><strong>Wykrywanie pods\u0142uchu w samochodzie<\/strong> polega na wymuszeniu emisji ujawniaj\u0105cej modu\u0142u GSM a nast\u0119pnie jej pomiarze. Wi\u0119cej informacji na omawiany temat znajdziesz pod <a href=\"https:\/\/www.euro-soft.pl\/joomla\/index.php\/8-oferty\/13-wykrywanie-gps-warszawa\" target=\"_blank\" rel=\"noopener\">adresem.<\/a><\/p><h2 style=\"text-align: center;\"><a href=\"https:\/\/www.euro-soft.pl\/joomla\/index.php\/52-nasze-produkty\/20-pokrowiec-zagluszajacy-telefon\" target=\"_blank\" rel=\"noopener\">Metody zag\u0142uszania pods\u0142uchu w samochodzie<\/a><\/h2><p style=\"text-align: center;\"><a href=\"https:\/\/wykrywanie.podsluch.pl\/wordpress\/wp-content\/uploads\/2020\/10\/pokrowiec-zagluszaiacy.jpg\"><img loading=\"lazy\" class=\"alignleft\" title=\"Pokrowiec faradaya do zag\u0142uszania pods\u0142uchu\" src=\"https:\/\/wykrywanie.podsluch.pl\/wordpress\/wp-content\/uploads\/2020\/10\/pokrowiec-zagluszaiacy-217x300.jpg\" alt=\"pokrowiec zag\u0142uszaj\u0105cy GSM\" width=\"193\" height=\"267\" \/><\/a><\/p><p>Analizuj\u0105c problem zwi\u0105zany z wykrywaniem pods\u0142uchu w samochodach nale\u017cy pami\u0119ta\u0107 o osobistych telefonach kom\u00f3rkowych. Ka\u017cdy telefon mo\u017ce by\u0107 zainfekowany odpowiedni\u0105 aplikacj\u0105 pods\u0142uchow\u0105, kt\u00f3ra umo\u017cliwia mi\u0119dzy innymi prowadzenie ods\u0142uchu przy jego pomocy. Jedynym skutecznym zabezpieczeniem w takiej sytuacji jest stosowanie pokrowc\u00f3w zag\u0142uszaj\u0105cych. Pokrowiec ten powoduje to \u017ce telefon nie jest widziany przez operatora naszej karty SIM. Mo\u017cna tak\u017ce stosowa\u0107 zag\u0142uszacze i \u0142\u0105czno\u015bci telefonicznej. Metoda ta jest znacznie dro\u017csza i wymaga dost\u0119pu do zasilania. Akumulatory takich urz\u0105dze\u0144 pracuj\u0105 ok 0 90 minut. Stosowanie pokrowc\u00f3w zag\u0142uszaj\u0105cych pozwala na u\u017cywanie innych telefon\u00f3w kom\u00f3rkowych co do kt\u00f3rych nie mamy podejrze\u0144 o istnienie w nich aplikacji pods\u0142uchowych. Pokrowce tego typu mo\u017cna zakupi\u0107 pod <a href=\"https:\/\/www.euro-soft.pl\/joomla\/index.php\/52-nasze-produkty\/20-pokrowiec-zagluszajacy-telefon\" target=\"_blank\" rel=\"noopener\">wskazanym dresem<\/a>.<\/p><h3 style=\"text-align: center;\"><a href=\"https:\/\/mini-dyktafon.podsluch.pl\/\" target=\"_blank\" rel=\"noopener\">Dyktafon jako pods\u0142uch w samochodzie<\/a><\/h3><p style=\"text-align: center;\"><a href=\"https:\/\/wykrywanie.podsluch.pl\/wordpress\/wp-content\/uploads\/2020\/10\/podsluch-dyktafony.jpg\"><img loading=\"lazy\" class=\"alignleft\" title=\"pods\u0142uchowe dyktafony\" src=\"https:\/\/wykrywanie.podsluch.pl\/wordpress\/wp-content\/uploads\/2020\/10\/podsluch-dyktafony.jpg\" alt=\"pods\u0142uch dyktafony\" width=\"203\" height=\"212\" \/><\/a><\/p><p>Do pods\u0142uchiwania rozm\u00f3w w samochodzie mog\u0105 by\u0107 wykorzystywane rejestratory fonii czyli dyktafony. Niestety stosowanie tego typu pods\u0142uchu nie zapewnia nam dost\u0119pu do informacji w czasie rzeczywistym. Zaleta dyktafon\u00f3w jest to \u017ce s\u0105 bardzo trudne do wykrycia. Spowodowane to jest tym \u017ce dyktafon nie jest \u017ar\u00f3d\u0142em promieniowania elektromagnetycznego i do jego wykrywania nie mog\u0105 by\u0107 u\u017cywane analizatory pola typu Oscor lub Spektran. Jedyn\u0105 metod\u0105 wykrycia tego typu pods\u0142uchu w samochodzie jest gruntowny przegl\u0105d kabiny. Niestety jest to czasoch\u0142onne a czasami ze wzgl\u0119d\u00f3w technicznych wr\u0119cz nie mo\u017cliwe. Tak\u017ce stosowanie klasycznych metod wykrywania dyktafon\u00f3w przy pomocy detektor\u00f3w z\u0142\u0105cz nieliniowych nie zdaje egzaminu poniewa\u017c w samochodzie wyst\u0119puje du\u017ca ilo\u015b\u0107 elektroniki a tak\u017ce istniej\u0105 naturalne z\u0142\u0105cza p\u00f3\u0142przewodnikowe np. typu rdza, co zak\u0142\u00f3ca prac\u0119 urz\u0105dze\u0144 wykrywaj\u0105cych.<\/p><h2 style=\"text-align: center;\"><a href=\"https:\/\/sprzedajemy.pl\/wykrywanie-gps-warszawa-2-85b084-nr57290795\" rel=\"dofollow noopener\" target=\"_blank\">Lokalizatory GPS jako pods\u0142uch w samochodzie<\/a><\/h2><p style=\"text-align: center;\"><a style=\"font-size: 15px;\" href=\"https:\/\/wykrywanie.podsluch.pl\/wordpress\/wp-content\/uploads\/2020\/10\/lokalizator-GPS.jpg\"><img loading=\"lazy\" class=\"alignleft\" title=\"lokalizator GPS z pods\u0142uchem\" src=\"https:\/\/wykrywanie.podsluch.pl\/wordpress\/wp-content\/uploads\/2020\/10\/lokalizator-GPS-300x193.jpg\" alt=\"Lokalizator GPS jako pods\u0142uch w samochodzie\" width=\"209\" height=\"135\" \/><\/a><\/p><p>Nale\u017cy pami\u0119ta\u0107 o tym \u017ce w lokalizatorach po\u0142o\u017cenia GPS s\u0105 montowane mikrofony. W przypadku umieszczenia takiego lokalizatora GPS w kabinie samochodu mo\u017ce on s\u0142u\u017cy\u0107 tak\u017ce jako pods\u0142uch prowadzonych rozm\u00f3w. Wykrywanie tego typu pods\u0142uchu w samochodzie przebiega zgodnie z procedura stosowana do wykrywania pods\u0142uchu\u00a0 GSM.<\/p><p>Wykrywanie pods\u0142uchu w samochodzie jest dok\u0142adnie opisane pod <a href=\"https:\/\/www.podsluch.pl\/\" target=\"_blank\" rel=\"noopener\">wskazanym linkiem<\/a>.<\/p>\t\t\t\t\t<\/div>\n\t\t\t\t\t\t<\/div>\n\t\t\t\t<\/div>\n\t\t\t\t\t\t<\/div>\n\t\t\t\t\t<\/div>\n\t\t<\/div>\n\t\t\t\t\t\t\t\t<\/div>\n\t\t\t\t\t<\/div>\n\t\t<\/section>\n\t\t\t\t\t\t\t\t\t<\/div>\n\t\t\t<\/div>\n\t\t\t\t\t<\/div>\n\t\t","protected":false},"excerpt":{"rendered":"<p>Zarys problem\u00f3w zwi\u0105zanych z wykrywaniem pods\u0142uchu.<\/p>\n","protected":false},"author":1,"featured_media":673,"parent":0,"menu_order":0,"comment_status":"open","ping_status":"closed","template":"","meta":[],"_links":{"self":[{"href":"https:\/\/wykrywanie.podsluch.pl\/wordpress\/index.php?rest_route=\/wp\/v2\/pages\/572"}],"collection":[{"href":"https:\/\/wykrywanie.podsluch.pl\/wordpress\/index.php?rest_route=\/wp\/v2\/pages"}],"about":[{"href":"https:\/\/wykrywanie.podsluch.pl\/wordpress\/index.php?rest_route=\/wp\/v2\/types\/page"}],"author":[{"embeddable":true,"href":"https:\/\/wykrywanie.podsluch.pl\/wordpress\/index.php?rest_route=\/wp\/v2\/users\/1"}],"replies":[{"embeddable":true,"href":"https:\/\/wykrywanie.podsluch.pl\/wordpress\/index.php?rest_route=%2Fwp%2Fv2%2Fcomments&post=572"}],"version-history":[{"count":206,"href":"https:\/\/wykrywanie.podsluch.pl\/wordpress\/index.php?rest_route=\/wp\/v2\/pages\/572\/revisions"}],"predecessor-version":[{"id":1021,"href":"https:\/\/wykrywanie.podsluch.pl\/wordpress\/index.php?rest_route=\/wp\/v2\/pages\/572\/revisions\/1021"}],"wp:featuredmedia":[{"embeddable":true,"href":"https:\/\/wykrywanie.podsluch.pl\/wordpress\/index.php?rest_route=\/wp\/v2\/media\/673"}],"wp:attachment":[{"href":"https:\/\/wykrywanie.podsluch.pl\/wordpress\/index.php?rest_route=%2Fwp%2Fv2%2Fmedia&parent=572"}],"curies":[{"name":"wp","href":"https:\/\/api.w.org\/{rel}","templated":true}]}}