{"id":714,"date":"2020-09-28T13:35:42","date_gmt":"2020-09-28T11:35:42","guid":{"rendered":"https:\/\/wykrywanie.podsluch.pl\/wordpress\/?page_id=714"},"modified":"2021-07-22T08:21:44","modified_gmt":"2021-07-22T06:21:44","slug":"wykrywanie-podsluchu-w-pomieszczeniach","status":"publish","type":"page","link":"https:\/\/wykrywanie.podsluch.pl\/wordpress\/?page_id=714","title":{"rendered":"Wykrywanie pods\u0142uchu w pomieszczeniach."},"content":{"rendered":"\t\t<div data-elementor-type=\"wp-page\" data-elementor-id=\"714\" class=\"elementor elementor-714\">\n\t\t\t\t\t\t<div class=\"elementor-inner\">\n\t\t\t\t<div class=\"elementor-section-wrap\">\n\t\t\t\t\t\t\t\t\t<section class=\"elementor-section elementor-top-section elementor-element elementor-element-98e440d elementor-section-boxed elementor-section-height-default elementor-section-height-default\" data-id=\"98e440d\" data-element_type=\"section\">\n\t\t\t\t\t\t<div class=\"elementor-container elementor-column-gap-default\">\n\t\t\t\t\t\t\t<div class=\"elementor-row\">\n\t\t\t\t\t<div class=\"elementor-column elementor-col-100 elementor-top-column elementor-element elementor-element-57ce930\" data-id=\"57ce930\" data-element_type=\"column\">\n\t\t\t<div class=\"elementor-column-wrap elementor-element-populated\">\n\t\t\t\t\t\t\t<div class=\"elementor-widget-wrap\">\n\t\t\t\t\t\t<div class=\"elementor-element elementor-element-930874b elementor-widget elementor-widget-text-editor\" data-id=\"930874b\" data-element_type=\"widget\" data-widget_type=\"text-editor.default\">\n\t\t\t\t<div class=\"elementor-widget-container\">\n\t\t\t\t\t\t\t\t<div class=\"elementor-text-editor elementor-clearfix\">\n\t\t\t\t<h2>Wykrywanie pods\u0142uchu<a href=\"https:\/\/wykrywanie.podsluch.pl\/wordpress\/wp-content\/uploads\/2020\/09\/wykrywanie-podsluchu-aronia-5.jpg\"><img loading=\"lazy\" class=\"wp-image-728 alignleft\" src=\"https:\/\/wykrywanie.podsluch.pl\/wordpress\/wp-content\/uploads\/2020\/09\/wykrywanie-podsluchu-aronia-5-300x225.jpg\" alt=\"wykrywanie pods\u0142uchu w pomieszczeniach\" width=\"352\" height=\"264\" srcset=\"https:\/\/wykrywanie.podsluch.pl\/wordpress\/wp-content\/uploads\/2020\/09\/wykrywanie-podsluchu-aronia-5-300x225.jpg 300w, https:\/\/wykrywanie.podsluch.pl\/wordpress\/wp-content\/uploads\/2020\/09\/wykrywanie-podsluchu-aronia-5.jpg 540w\" sizes=\"(max-width: 352px) 100vw, 352px\" title=\"\"><\/a><\/h2><p><strong>Wykrywanie pods\u0142uchu<\/strong> w pomieszczeniach wykonujemy zgodnie z procedurami opracowanymi w REI USA. Zapewniaj\u0105 one osi\u0105ganie bardzo wysokiej skuteczno\u015bci w trakcie wykrywania. Tak\u017ce u\u017cywany sprz\u0119t gwarantuje stu procentow\u0105 skuteczno\u015b\u0107. Czynno\u015bci zwi\u0105zane z wykrywaniem wykonywane s\u0105 przez wieloletniego bieg\u0142ego s\u0105dowego w zakresie kryminalistyki o specjalno\u015bci wykrywanie pods\u0142uchu. Na \u017cyczenia zleceniodawcy po wykonaniu pomiar\u00f3w mo\u017ce by\u0107 wystawiona tak zwana prywatna opinia bieg\u0142ego s\u0105dowego. Opinia ta mo\u017ce by\u0107 przedstawiona na wokandzie s\u0105dowi zgodnie z\u00a0 nowelizacj\u0105 art. 393 \u00a7 3 k.p.k. pozwala na dopuszczenie dowodu z prywatnej opinii bieg\u0142ego.<\/p><h2 style=\"text-align: center;\">Sprz\u0119t do wykrywania pods\u0142uchu.<\/h2><p style=\"text-align: center;\"><a href=\"https:\/\/wykrywanie.podsluch.pl\/wordpress\/wp-content\/uploads\/2020\/10\/sprzet-do-wykrywania-podsluchu.jpg\"><img loading=\"lazy\" class=\"alignnone wp-image-737 size-full\" src=\"https:\/\/wykrywanie.podsluch.pl\/wordpress\/wp-content\/uploads\/2020\/10\/sprzet-do-wykrywania-podsluchu.jpg\" alt=\"sprzet wykrywanie pods\u0142uchu w pomieszczeniach\" width=\"600\" height=\"190\" srcset=\"https:\/\/wykrywanie.podsluch.pl\/wordpress\/wp-content\/uploads\/2020\/10\/sprzet-do-wykrywania-podsluchu.jpg 600w, https:\/\/wykrywanie.podsluch.pl\/wordpress\/wp-content\/uploads\/2020\/10\/sprzet-do-wykrywania-podsluchu-300x95.jpg 300w\" sizes=\"(max-width: 600px) 100vw, 600px\" title=\"\"><\/a><\/p><p>Podstawowym urz\u0105dzeniem u\u017cywanym w Euro-Soft jest zaawansowany analizator widma elektromagnetycznego znany pod nazwa Oscor Green. Umo\u017cliwia on wykonywanie zaawansowanych procedury pomiarowych.\u00a0 Podstawowym algorytmem jest analiza t\u0142a elektromagnetycznego. Wykrywanie pods\u0142uchu zgodnie z t\u0105 procedura polega na wykonaniu odczytu w ka\u017cdym sprawdzanym pomieszczeniu. Skanowaniu podlega tak\u017ce neutralna przestrze\u0144 b\u0119d\u0105ca punktem odniesienia dla p\u00f3\u017aniejszej analizy.\u00a0 Nast\u0119pnie wszystkie wyniki zebrane w trakcie wykrywania pods\u0142uchu wy\u015bwietlane s\u0105 jednocze\u015bnie na ekranie Oskora. Dok\u0142adna analiza tego materia\u0142u pozwala na potwierdzenie lub zaprzeczenia istnienia w badanych przestrzeniach nieautoryzowanego \u017ar\u00f3d\u0142a promieniowania elektromagnetycznego czyli pods\u0142uchu.<\/p><h2 style=\"text-align: center;\">Wykrywacz pods\u0142uchu Oscor 5000.<\/h2><div><strong>Wykrywanie pods\u0142uchu<\/strong> realizujemy wykorzystuj\u0105c tak\u017ce starsza wersie Oskora. Wykrywacz OSCOR 5000 E pracuje w trybie automatycznego skanowania przestrzeni z okre\u015blonymi zadanymi parametrami, takimi jak krok skanowania i poziom zagro\u017cenia w skali od 1 do 5. Wykrywacz ten pracuje w modzie korelacji akustycznej. Oznacza to \u017ce w przypadku przechwyceni sygna\u0142u na niebezpiecznym poziomie zagro\u017cenia uruchamiany jest generator akustyczny. Wytworzony w tym momencie sygna\u0142 d\u017awi\u0119kowy pozwala stwierdzi\u0107 czy zbocze no\u015bnej wykrytego pods\u0142uchu jest modulowane czy nie. Procedura ta eliminuje nadajniki pods\u0142uchowe pracuj\u0105ce w innej przestrzeni akustycznej czyli np. w s\u0105siednim pomieszczeniu.<\/div><h2 style=\"text-align: center;\">Wykrywanie pods\u0142uchu &#8211; Spectran 5.<\/h2><p style=\"text-align: center;\"><a href=\"https:\/\/wykrywanie.podsluch.pl\/wordpress\/wp-content\/uploads\/2020\/10\/wykrywanie-aaronia.jpg\"><img loading=\"lazy\" class=\"size-full wp-image-741 alignleft\" src=\"https:\/\/wykrywanie.podsluch.pl\/wordpress\/wp-content\/uploads\/2020\/10\/wykrywanie-aaronia.jpg\" alt=\"wykrywanie pods\u0142uchu spectran 5\" width=\"194\" height=\"259\" title=\"\"><\/a><\/p><p>Spektran 5 z kierunkow\u0105 aktywn\u0105 anten\u0105 typy HyperLOG 30100 jest wykorzystywany w ko\u0144cowej fazie procesu wykrywania. Wykrywacz ten pozwala na szybkie i precyzyjne dotarcie do \u017ar\u00f3d\u0142a promieniowania elektromagnetycznego. Umo\u017cliwia to wska\u017anik laserowy zamontowany na antenie HyperLOG 30100. Spectran 5 charakteryzuje si\u0119 bardzo du\u017c\u0105 szybko\u015bci\u0105 skanowania, znacznie przewy\u017cszaj\u0105ca w tym obszarze analizator widma Oscor Green.<\/p><div>\u00a0<\/div><h4 style=\"text-align: center;\"><span style=\"color: #999999;\"><a style=\"color: #999999;\" href=\"https:\/\/www.euro-soft.pl\/joomla\/\" target=\"_blank\" rel=\"noopener\">Dodatkowe informacje mo\u017cna uzyska\u0107 na stronie Euro-Soft<\/a><\/span><\/h4>\t\t\t\t\t<\/div>\n\t\t\t\t\t\t<\/div>\n\t\t\t\t<\/div>\n\t\t\t\t\t\t<\/div>\n\t\t\t\t\t<\/div>\n\t\t<\/div>\n\t\t\t\t\t\t\t\t<\/div>\n\t\t\t\t\t<\/div>\n\t\t<\/section>\n\t\t\t\t\t\t\t\t\t<\/div>\n\t\t\t<\/div>\n\t\t\t\t\t<\/div>\n\t\t","protected":false},"excerpt":{"rendered":"<p>Wykrywanie pods\u0142uchu Wykrywanie pods\u0142uchu w pomieszczeniach wykonujemy zgodnie z procedurami opracowanymi w REI USA. Zapewniaj\u0105 one osi\u0105ganie bardzo wysokiej skuteczno\u015bci w trakcie wykrywania. Tak\u017ce u\u017cywany<\/p>\n","protected":false},"author":2,"featured_media":728,"parent":0,"menu_order":0,"comment_status":"closed","ping_status":"closed","template":"","meta":[],"_links":{"self":[{"href":"https:\/\/wykrywanie.podsluch.pl\/wordpress\/index.php?rest_route=\/wp\/v2\/pages\/714"}],"collection":[{"href":"https:\/\/wykrywanie.podsluch.pl\/wordpress\/index.php?rest_route=\/wp\/v2\/pages"}],"about":[{"href":"https:\/\/wykrywanie.podsluch.pl\/wordpress\/index.php?rest_route=\/wp\/v2\/types\/page"}],"author":[{"embeddable":true,"href":"https:\/\/wykrywanie.podsluch.pl\/wordpress\/index.php?rest_route=\/wp\/v2\/users\/2"}],"replies":[{"embeddable":true,"href":"https:\/\/wykrywanie.podsluch.pl\/wordpress\/index.php?rest_route=%2Fwp%2Fv2%2Fcomments&post=714"}],"version-history":[{"count":21,"href":"https:\/\/wykrywanie.podsluch.pl\/wordpress\/index.php?rest_route=\/wp\/v2\/pages\/714\/revisions"}],"predecessor-version":[{"id":976,"href":"https:\/\/wykrywanie.podsluch.pl\/wordpress\/index.php?rest_route=\/wp\/v2\/pages\/714\/revisions\/976"}],"wp:featuredmedia":[{"embeddable":true,"href":"https:\/\/wykrywanie.podsluch.pl\/wordpress\/index.php?rest_route=\/wp\/v2\/media\/728"}],"wp:attachment":[{"href":"https:\/\/wykrywanie.podsluch.pl\/wordpress\/index.php?rest_route=%2Fwp%2Fv2%2Fmedia&parent=714"}],"curies":[{"name":"wp","href":"https:\/\/api.w.org\/{rel}","templated":true}]}}